{"id":235,"date":"2025-11-09T13:11:28","date_gmt":"2025-11-09T13:11:28","guid":{"rendered":"https:\/\/gofeedpet.com\/?page_id=235"},"modified":"2025-11-09T13:11:28","modified_gmt":"2025-11-09T13:11:28","slug":"terms-of-service","status":"publish","type":"page","link":"https:\/\/gofeedpet.com\/fr\/terms-of-service\/","title":{"rendered":"Conditions de service"},"content":{"rendered":"<p><strong>Date  effective  :<\/strong> 1 er  janvier  2025<\/p>\n<p><strong>Der nier  update  :<\/strong> 1 er  janvier  2025<\/p>\n<p>Bien venue  \u00e0GoFeedPet.com(\" nous \",  \" nous \",  \" not re \",  ou  \" le  Site \"). Les  pr\u00e9s entes  Cond itions  d ' utilisation  (\u00ab  Cond itions   \u00bb)  r\u00e9g issent  votre  acc \u00e8s  et  votre  util isation  de  notre  site  Web . en  acc \u00e9d ant  ou  en  utilis antGoFeedPet.comVous  accep tez  d ' \u00eatre  li \u00e9  par  ces  conditions . Si  vous  n ' accep tez  pas  ces  Cond itions ,  veu ille z  ne  pas  utiliser  notre  Site .<\/p>\n<h2>1. Ac cept ation  des  termes<\/h2>\n<p>En  acc \u00e9d ant  et  en  utilis ant  ce  site  Web ,  vous  accep tez  et  accep tez  d ' \u00eatre  li \u00e9  par  ces  Cond itions  et  notre  Politi que  de  conf identi alit\u00e9 . Nous  nous  r\u00e9ser vons  le  droit  de  modi fier  ces  Cond itions  \u00e0  tout  moment . Votre  util isation  continue  du  site  apr\u00e8s  la  publication  des  modific ations  constitue  votre  accept ation  des  Cond itions  modifi \u00e9es .<\/p>\n<h2>2. Description  du  service<\/h2>\n<p>GoFeedPet.com est  un  site  web  d ' information  qui  fourn it  :<\/p>\n<ul>\n<li>Com menta ires  de  produits  et  recommand ations  pour  les  produits  alimenta ires  pour  animaux  de  compagnie<\/li>\n<li>Conten u  \u00e9 du c atif  sur  les  so ins  et  la  nut rition  pour  animaux  de  compagnie<\/li>\n<li>Op ini ons  d ' ex per ts  et  compara is ons<\/li>\n<li>Li ens  d ' af fili ation  vers  des  d\u00e9ta ill ants  tiers<\/li>\n<\/ul>\n<p>Notre  conten u  est  uni quement  \u00e0  des  fins  inform atives  et  ne  doit  pas  \u00eatre  consid \u00e9r\u00e9  comme  un  conseil  v \u00e9t \u00e9r ina ire  profession nel .<\/p>\n<h2>3. Af fili \u00e9  divul g ation<\/h2>\n<p>GoFeedPet.com partici pe  \u00e0  divers  programmes  de  marketing  d ' af fili ation ,  y  compris ,  mais  sans  s ' y  limit er ,  Amazon  Associ ates  et  d ' autres  programmes  d ' af fili ation  de  d\u00e9ta ill ants . Cela  signifie  que  nous  pouvons  gagner  des  com missions  sur  les  ach ats  effectu \u00e9s  via  des  li ens  sur  notre  site .<\/p>\n<p>Lorsque  vous  cli quez  sur  un  lien  d ' af fili ation  et  effectu ez  un  ach at ,  nous  pouvons  rece voir  une  commission  sans  fra is  suppl\u00e9menta ires  pour  vous . Ces  com missions  a ident  \u00e0  so uten ir  notre  site  Web  et  nous  permett ent  de  continuer  \u00e0  fournir  du  conten u  gratu it .<\/p>\n<p>Nos  relations  d ' af fili ation  n ' influ en cent  pas  notre  conten u  \u00e9 d itorial  ou  nos  recommand ations  de  produits . Nous  ne  recommand ons  que  des  produits  que  nous  pens ons  ap porter  de  la  valeur  \u00e0  nos  le cteurs .<\/p>\n<h2>4. U til is ateur  Com port ement<\/h2>\n<p>En  utilis ant  notre  site ,  vous  accep tez  de  ne  pas  :<\/p>\n<ul>\n<li>Vi ola tion  des  lo is  ou  r\u00e8g lements  applica bles<\/li>\n<li>Post er  ou  transm ettre  tout  conten u  ill \u00e9g al ,  mena \u00e7ant ,  ab usi f ,  diff am atoire ,  obs c \u00e8ne  ou  aut rement  r\u00e9 pr \u00e9 hen sible<\/li>\n<li>Im person ner  une  personne  ou  une  ent it\u00e9<\/li>\n<li>Inter f\u00e9r er  ou  pertur ber  le  site  ou  les  serve urs<\/li>\n<li>Tent ative  d ' acc \u00e8s  non  autor is\u00e9  \u00e0  toute  partie  du  Site<\/li>\n<li>U til iser  des  syst\u00e8mes  automatis \u00e9s  (b ots ,  sc ra pers)  pour  acc \u00e9der  au  Site  sans  autor isation<\/li>\n<li>Rec ueil lir  ou  r\u00e9 col ter  des  informations  person nelles  sur  d ' autres  utilis ateurs<\/li>\n<li>Post er  du  spam ,  des  public it\u00e9s  ou  du  conten u  promotion nel  dans  les  com menta ires<\/li>\n<\/ul>\n<h2>5. Dro its  de  propri \u00e9t\u00e9  intelle ctu elle<\/h2>\n<h3>5.1 Nos  conten us<\/h3>\n<p>Tout  le  conten u  surGoFeedPet.comLe  conten u ,  y  compris ,  mais  sans  s ' y  limit er ,  le  texte ,  les  graphi ques ,  les  log os ,  les  images ,  les  vid \u00e9 os  et  les  logi ci els ,  est  la  propri \u00e9t\u00e9  de  Go Fe ed Pet . com  ou  de  ses  four nisse urs  de  conten u  et  est  prot \u00e9g \u00e9  par  le  droit  d ' au teur ,  les  marques  de  commerce  et  d ' autres  lo is  sur  la  propri \u00e9t\u00e9  intelle ctu elle .<\/p>\n<h3>5.2 Lic ence  limit \u00e9e<\/h3>\n<p>Nous  vous  accord ons  une  licence  limit \u00e9e ,  non  excl usive  et  non  transf \u00e9ra ble  pour  acc \u00e9der  et  utiliser  le  Site  \u00e0  des  fins  person nelles  et  non  commer ciales . Vous  ne  pouvez  pas  :<\/p>\n<ul>\n<li>Re produ ire ,  distribu er  ou  af fi cher  publi quement  notre  conten u  sans  autor isation<\/li>\n<li>Modi fier  ou  cr\u00e9er  des  \u0153uvres  d\u00e9 ri v\u00e9 es  de  nos  conten us<\/li>\n<li>U til iser  nos  conten us  \u00e0  des  fins  commer ciales<\/li>\n<li>Sup primer  les  droits  d ' au teur  ou  les  avis  de  propri \u00e9t\u00e9<\/li>\n<\/ul>\n<h3>5.3 Conten u  g\u00e9n \u00e9r\u00e9  par  les  utilis ateurs<\/h3>\n<p>En  soum ett ant  des  com menta ires ,  des  criti ques  ou  d ' autres  conten us  \u00e0  notre  site ,  vous  nous  acc orde z  une  licence  mondiale ,  non  excl usive ,  sans  rede van ce ,  per p\u00e9 tu elle  d ' utilis er ,  reprodu ire ,  modi fier  et  af fi cher  ce  conten u .<\/p>\n<h2>6. Com menta ires  et  soumis sions  des  utilis ateurs<\/h2>\n<p>Nous  acc ue ill ons  les  com menta ires  et  les  com menta ires  de  nos  utilis ateurs . En  publi ant  un  com menta ire ,  vous  accep tez  que  :<\/p>\n<ul>\n<li>Vous  poss \u00e9 dez  les  droits  sur  le  conten u  que  vous  pub liez<\/li>\n<li>Votre  conten u  ne  porte  atte inte  aux  droits  de  tiers<\/li>\n<li>Votre  conten u  n ' est  pas  diff am atoire ,  obs c \u00e8ne  ou  ill \u00e9g al<\/li>\n<li>Nous  pouvons  mod \u00e9rer ,  modi fier  ou  sup primer  les  com menta ires  \u00e0  notre  discr \u00e9 tion .<\/li>\n<li>Vous  \u00eates  responsable  du  conten u  que  vous  pub liez<\/li>\n<\/ul>\n<h2>7. Li ens  et  conten u  de  tiers<\/h2>\n<p>Notre  site  conti ent  des  li ens  vers  des  sites  Web  et  des  produits  de  tiers . Ces  li ens  sont  four nis  pour  votre  com mod it\u00e9 ,  et  nous  n ' appr ou vons  ni  n ' ass um ons  la  responsa bilit\u00e9  de  :<\/p>\n<ul>\n<li>Le  conten u  des  sites  Web  de  tiers<\/li>\n<li>Les  pratiques  de  conf identi alit\u00e9  des  sites  de  tiers<\/li>\n<li>Produ its  ou  services  propos \u00e9s  par  des  tiers<\/li>\n<li>Tran sa ctions  entre  vous  et  des  march ands  tiers<\/li>\n<\/ul>\n<p>Lorsque  vous  cli quez  sur  des  li ens  d ' af fili ation  ou  vis itez  des  sites  tiers ,  vous  \u00eates  soumis  \u00e0  leurs  termes  et  conditions  et  politiques  de  conf identi alit\u00e9 .<\/p>\n<h2>8. Dis cla imer  des  garan ties<\/h2>\n<p>Le  site  et  tout  le  conten u  sont  four nis   \u00ab  tels  qu   '  ils  sont   \u00bb  et   \u00ab  tels  qu   '  ils  sont  disponibles   \u00bb  sans  garan tie  de  quelque  nature  que  ce  soit ,  expres se  ou  implic ite ,  y  compris ,  mais  sans  s ' y  limit er  :<\/p>\n<ul>\n<li>Garan ties  de  commercial isation  ou  d ' apt itude  \u00e0  un  but  particulier<\/li>\n<li>Garan tie  que  le  Site  sera  in inter rom pu  ou  sans  erre ur<\/li>\n<li>Garan ties  concernant  l ' e xact itude ,  la  fia bilit\u00e9  ou  l ' ex haus tiv it\u00e9  du  conten u<\/li>\n<li>Les  garan ties  que  les  d\u00e9fa uts  seront  cor rig \u00e9s<\/li>\n<\/ul>\n<h3>8.1 Auc un  conseil  profession nel<\/h3>\n<p>Les  informations  conten ues  sur  notre  site  Web  sont  \u00e0  des  fins  d ' information  g\u00e9n\u00e9rale  uni quement  et  ne  constitu ent  pas  des  conse ils  v \u00e9t \u00e9r ina ires ,  m\u00e9dica ux  ou  nut riti onn els  profession nels . Cons ul tez  toujours  un  v \u00e9t \u00e9r ina ire  quali fi\u00e9  avant  de  prendre  des  d\u00e9cisions  concernant  la  sant\u00e9  ou  la  nut rition  de  votre  animal .<\/p>\n<h3>8.2 Informations  sur  les  produits<\/h3>\n<p>Bien  que  nous  nous  ef for \u00e7ons  de  fournir  des  informations  pr\u00e9cis es  sur  les  produits ,  nous  ne  garant issons  pas  :<\/p>\n<ul>\n<li>L ' e xact itude  des  descrip tions  ou  sp\u00e9 cific ations  des  produits<\/li>\n<li>La  disponi bilit\u00e9  des  produits<\/li>\n<li>Informations  actu elles  sur  les  prix<\/li>\n<li>Per formance  du  produit  ou  r\u00e9sultats<\/li>\n<\/ul>\n<h2>9. Limit ation  de  la  responsa bilit\u00e9<\/h2>\n<p>Dans  toute  la  mesure  perm ise  par  la  loi ,  GO FE ED P ET . COM  et  ses  propri \u00e9ta ires ,  employ \u00e9s  et  affili \u00e9s  ne  seront  pas  responsables  pour  :<\/p>\n<ul>\n<li>Tout  dom m age  indirect ,  accident el ,  sp\u00e9cial ,  cons\u00e9qu ent  ou  pun itif<\/li>\n<li>Per te  de  prof its ,  de  reven us ,  de  donn\u00e9es  ou  d ' utilisation<\/li>\n<li>Dom mag es  r\u00e9s ult ant  de  votre  util isation  ou  de  votre  inc apac it\u00e9  \u00e0  utiliser  le  Site<\/li>\n<li>Dom mag es  r\u00e9s ult ant  d ' ach ats  effectu \u00e9s  par  le  biais  de  li ens  d ' af fili ation<\/li>\n<li>Dom mag es  r\u00e9s ult ant  de  la  confiance  dans  les  informations  four nies  sur  le  site<\/li>\n<li>Dom mag es  caus \u00e9s  par  le  conten u  ou  les  li ens  de  tiers<\/li>\n<\/ul>\n<p>A  aucun  cas ,  notre  responsa bilit\u00e9  totale  ne  d\u00e9 pass era  le  montant  que  vous  avez  pay \u00e9  pour  acc \u00e9der  au  site  (qui  est  z \u00e9ro  pour  un  acc \u00e8s  gratu it).<\/p>\n<h2>10. Ind em n it\u00e9<\/h2>\n<p>Vous  accep tez  d ' ind em nis er ,  de  d\u00e9f endre  et  de  tenir  ino ff ensi fGoFeedPet.com,  ses  propri \u00e9ta ires ,  employ \u00e9s  et  soci \u00e9t\u00e9s  affili \u00e9es  de  toute  r\u00e9c lam ation ,  dom mag es ,  pert es ,  passi fs  et  d\u00e9penses  (y  compris  les  fra is  juridi ques)  d\u00e9 co ulant  de  :<\/p>\n<ul>\n<li>Votre  util isation  du  Site<\/li>\n<li>Votre  viola tion  de  ces  Cond itions<\/li>\n<li>Votre  viola tion  des  droits  de  tiers<\/li>\n<li>Conten u  que  vous  soum ette z  au  Site<\/li>\n<\/ul>\n<h2>11. Copyright  In fra ction<\/h2>\n<p>Nous  respect ons  les  droits  de  la  propri \u00e9t\u00e9  intelle ctu elle . Si  vous  pensez  que  le  conten u  de  notre  site  enf re int  vos  droits  d ' au teur ,  veu ille z  nous  conta cter  \u00e0  :<\/p>\n<ul>\n<li>Identi fication  de  l ' \u0153 uvre  prot \u00e9g \u00e9e  par  le  droit  d ' au teur<\/li>\n<li>Identi fication  du  mat\u00e9 riel  contre fa isant<\/li>\n<li>Vos  informations  de  contact<\/li>\n<li>Une  d\u00e9claration  de  cro yan ce  de  bonne  foi<\/li>\n<li>Une  d\u00e9claration  d ' e xact itude  sous  peine  de  par j ure<\/li>\n<li>Votre  signat ure  physi que  ou  \u00e9le ctr oni que<\/li>\n<\/ul>\n<h2>12. La  vie  priv \u00e9e<\/h2>\n<p>Votre  util isation  du  site  est  \u00e9galement  r\u00e9g ie  par  notre  politique  de  conf identi alit\u00e9 . Ve u ille z  r\u00e9 viser  notre <a href=\"https:\/\/gofeedpet.com\/fr\/privacy-policy\/\">Politique de vie priv\u00e9e<\/a> pour  comprendre  nos  pratiques  concernant  la  colle cte  et  l ' utilisation  de  vos  informations .<\/p>\n<h2>13. Rest ri ctions  d ' \u00e2ge<\/h2>\n<p>Notre  site  est  destin \u00e9  aux  utilis ateurs  qui  ont  au  moins  18  ans . Si  vous  avez  moins  de  18  ans ,  vous  ne  pouvez  utiliser  le  Site  qu   '  avec  la  participation  d ' un  parent  ou  d ' un  tu teur .<\/p>\n<h2>14. Termin ation<\/h2>\n<p>Nous  nous  r\u00e9ser vons  le  droit  de  r\u00e9 si lier  ou  de  suspend re  votre  acc \u00e8s  au  Site  \u00e0  tout  moment ,  sans  pr\u00e9 avis ,  pour  quelque  raison  que  ce  soit ,  y  compris  mais  sans  s ' y  limit er  :<\/p>\n<ul>\n<li>Vi ola tion  de  ces  conditions<\/li>\n<li>Activ it\u00e9  fra udu le use  ou  il l\u00e9 gale<\/li>\n<li>Com port ement  ab usi f  envers  d ' autres  utilis ateurs  ou  notre  personnel<\/li>\n<\/ul>\n<p>En  cas  de  r\u00e9 sili ation ,  votre  droit  d ' utilis er  le  Site  cess era  imm\u00e9 diat ement .<\/p>\n<h2>15. Dro it  et  jurid ic tion  r\u00e9g issant<\/h2>\n<p>Ces  Cond itions  seront  r\u00e9gi es  et  interpr \u00e9t \u00e9es  conform\u00e9ment  aux  lo is  des  \u00c9tats - Unis  et  de  l ' \u00c9tat  dans  lequelGoFeedPet.comfonction ne  sans  tenir  compte  des  principes  de  conf lit  de  lo is .<\/p>\n<p>Tout  li tige  d\u00e9 co ulant  des  pr\u00e9s entes  Cond itions  ou  de  votre  util isation  du  Site  sera  r\u00e9s olu  devant  les  tribuna ux  situ \u00e9s  dans  la  jurid ic tion  o\u00f9  :GoFeedPet.comop \u00e9r ations .<\/p>\n<h2>16. R \u00e9s olution  des  li tig es<\/h2>\n<h3>16.1 R \u00e9s olution  Inform elle<\/h3>\n<p>Avant  de  d\u00e9 pos er  une  r\u00e9c lam ation  form elle ,  vous  accep tez  de  nous  conta cter  et  de  tent er  de  r\u00e9s oudre  le  diff\u00e9r end  de  mani\u00e8re  inform elle  en  envoy ant  un  avis  \u00e9crit  d\u00e9 cri vant  le  diff\u00e9r end  et  votre  r\u00e9s olution  propos \u00e9e .<\/p>\n<h3>16.2 Ar b itra ge<\/h3>\n<p>Si  nous  ne  pouvons  pas  r\u00e9s oudre  le  diff\u00e9r end  de  mani\u00e8re  inform elle ,  toute  r\u00e9c lam ation  sera  r\u00e9s ol ue  par  arbitra ge  contra ign ant ,  sa uf  lorsque  cela  est  inter dit  par  la  loi . Vous  ren once z  \u00e0  votre  droit  \u00e0  un  proc\u00e8s  devant  jury  ou  \u00e0  partici per  \u00e0  une  action  colle ctive .<\/p>\n<h2>17. S\u00e9 para bilit\u00e9<\/h2>\n<p>Si  une  disposition  des  pr\u00e9s entes  Cond itions  est  jug \u00e9e  in vali de  ou  in applica ble ,  les  dispositions  rest antes  rester ont  en  ple ine  vigueur  et  en  effet .<\/p>\n<h2>18. L ' accord  entier<\/h2>\n<p>Les  pr\u00e9s entes  Cond itions ,  ainsi  que  notre  Politi que  de  conf identi alit\u00e9  et  tout  autre  avis  juridi que  publi \u00e9  sur  le  Site ,  constitu ent  l ' ensemble  de  l ' accord  entre  vous  et  le  Site .GoFeedPet.comconcernant  votre  util isation  du  Site .<\/p>\n<h2>19. Modi fic ations  aux  termes<\/h2>\n<p>Nous  nous  r\u00e9ser vons  le  droit  de  modi fier  ces  Cond itions  \u00e0  tout  moment . Les  chang ements  seront  effe cti fs  imm\u00e9 diat ement  apr\u00e8s  leur  publication  sur  le  site . Votre  util isation  continue  du  site  apr\u00e8s  la  publication  des  modific ations  constitue  votre  accept ation  des  Cond itions  modifi \u00e9es .<\/p>\n<p>Nous  vous  encourage ons  \u00e0  consul ter  ces  Cond itions  p\u00e9ri odi quement  pour  rester  inform \u00e9  de  toute  mise  \u00e0  jour .<\/p>\n<h2>20. Informations  de  contact<\/h2>\n<p>Si  vous  avez  des  questions  concernant  ces  Cond itions  d ' utilisation ,  veu ille z  nous  conta cter  \u00e0  :<\/p>\n<p><strong>Site  Web  :<\/strong> <a href=\"https:\/\/gofeedpet.com\/fr\/contact\/\">https:\/\/gofeedpet.com\/contact<\/a><\/p>\n<hr \/>\n<p><em>En  utilis antGoFeedPet.comVous  reconna issez  que  vous  avez  lu ,  compris  et  accept \u00e9  d ' \u00eatre  li \u00e9  par  ces  Cond itions  de  service .<\/em><\/p>\n<p><em>Les  pr\u00e9s entes  Cond itions  d ' utilisation  sont  four nies  \u00e0  des  fins  d ' information  et  doivent  \u00eatre  examin \u00e9es  par  un  profession nel  juridi que  pour  s ' ass urer  de  la  conformit \u00e9  avec  les  lo is  et  r\u00e8g lements  applica bles .<\/em><\/p>","protected":false},"excerpt":{"rendered":"<p>Effective Date: January 1, 2025 Last Updated: January 1, 2025 Welcome to GoFeedPet.com (&#8220;we,&#8221; &#8220;us,&#8221; &#8220;our,&#8221; or &#8220;the Site&#8221;). These Terms of Service (&#8220;Terms&#8221;) govern your access to and use of our website. By accessing or using GoFeedPet.com, you agree to be bound by these Terms. If you do not agree to these Terms, please [&hellip;]<\/p>","protected":false},"author":1,"featured_media":0,"parent":0,"menu_order":0,"comment_status":"closed","ping_status":"closed","template":"","meta":{"footnotes":""},"class_list":["post-235","page","type-page","status-publish","hentry"],"yoast_head":"<!-- This site is optimized with the Yoast SEO plugin v26.3 - https:\/\/yoast.com\/wordpress\/plugins\/seo\/ -->\n<title>Terms of Service - GoFeedPet<\/title>\n<meta name=\"robots\" content=\"index, follow, max-snippet:-1, max-image-preview:large, max-video-preview:-1\" \/>\n<link rel=\"canonical\" href=\"https:\/\/gofeedpet.com\/fr\/terms-of-service\/\" \/>\n<meta property=\"og:locale\" content=\"fr_FR\" \/>\n<meta property=\"og:type\" content=\"article\" \/>\n<meta property=\"og:title\" content=\"Terms of Service - GoFeedPet\" \/>\n<meta property=\"og:description\" content=\"Effective Date: January 1, 2025 Last Updated: January 1, 2025 Welcome to GoFeedPet.com (&#8220;we,&#8221; &#8220;us,&#8221; &#8220;our,&#8221; or &#8220;the Site&#8221;). These Terms of Service (&#8220;Terms&#8221;) govern your access to and use of our website. By accessing or using GoFeedPet.com, you agree to be bound by these Terms. If you do not agree to these Terms, please [&hellip;]\" \/>\n<meta property=\"og:url\" content=\"https:\/\/gofeedpet.com\/fr\/terms-of-service\/\" \/>\n<meta property=\"og:site_name\" content=\"GoFeedPet\" \/>\n<meta name=\"twitter:card\" content=\"summary_large_image\" \/>\n<meta name=\"twitter:label1\" content=\"Dur\u00e9e de lecture estim\u00e9e\" \/>\n\t<meta name=\"twitter:data1\" content=\"7 minutes\" \/>\n<script type=\"application\/ld+json\" class=\"yoast-schema-graph\">{\"@context\":\"https:\/\/schema.org\",\"@graph\":[{\"@type\":\"WebPage\",\"@id\":\"https:\/\/gofeedpet.com\/terms-of-service\/\",\"url\":\"https:\/\/gofeedpet.com\/terms-of-service\/\",\"name\":\"Terms of Service - GoFeedPet\",\"isPartOf\":{\"@id\":\"https:\/\/gofeedpet.com\/#website\"},\"datePublished\":\"2025-11-09T13:11:28+00:00\",\"inLanguage\":\"fr-FR\",\"potentialAction\":[{\"@type\":\"ReadAction\",\"target\":[\"https:\/\/gofeedpet.com\/terms-of-service\/\"]}]},{\"@type\":\"WebSite\",\"@id\":\"https:\/\/gofeedpet.com\/#website\",\"url\":\"https:\/\/gofeedpet.com\/\",\"name\":\"test\",\"description\":\"\",\"potentialAction\":[{\"@type\":\"SearchAction\",\"target\":{\"@type\":\"EntryPoint\",\"urlTemplate\":\"https:\/\/gofeedpet.com\/?s={search_term_string}\"},\"query-input\":{\"@type\":\"PropertyValueSpecification\",\"valueRequired\":true,\"valueName\":\"search_term_string\"}}],\"inLanguage\":\"fr-FR\"}]}<\/script>\n<!-- \/ Yoast SEO plugin. -->","yoast_head_json":{"title":"Cond itions  d ' utilisation  -  Go Fe ed Pet","robots":{"index":"index","follow":"follow","max-snippet":"max-snippet:-1","max-image-preview":"max-image-preview:large","max-video-preview":"max-video-preview:-1"},"canonical":"https:\/\/gofeedpet.com\/fr\/terms-of-service\/","og_locale":"fr_FR","og_type":"article","og_title":"Terms of Service - GoFeedPet","og_description":"Effective Date: January 1, 2025 Last Updated: January 1, 2025 Welcome to GoFeedPet.com (&#8220;we,&#8221; &#8220;us,&#8221; &#8220;our,&#8221; or &#8220;the Site&#8221;). These Terms of Service (&#8220;Terms&#8221;) govern your access to and use of our website. By accessing or using GoFeedPet.com, you agree to be bound by these Terms. If you do not agree to these Terms, please [&hellip;]","og_url":"https:\/\/gofeedpet.com\/fr\/terms-of-service\/","og_site_name":"GoFeedPet","twitter_card":"summary_large_image","twitter_misc":{"Dur\u00e9e de lecture estim\u00e9e":"7 minutes"},"schema":{"@context":"https:\/\/schema.org","@graph":[{"@type":"WebPage","@id":"https:\/\/gofeedpet.com\/terms-of-service\/","url":"https:\/\/gofeedpet.com\/terms-of-service\/","name":"Cond itions  d ' utilisation  -  Go Fe ed Pet","isPartOf":{"@id":"https:\/\/gofeedpet.com\/#website"},"datePublished":"2025-11-09T13:11:28+00:00","inLanguage":"fr-FR","potentialAction":[{"@type":"ReadAction","target":["https:\/\/gofeedpet.com\/terms-of-service\/"]}]},{"@type":"WebSite","@id":"https:\/\/gofeedpet.com\/#website","url":"https:\/\/gofeedpet.com\/","name":"test","description":"","potentialAction":[{"@type":"SearchAction","target":{"@type":"EntryPoint","urlTemplate":"https:\/\/gofeedpet.com\/?s={search_term_string}"},"query-input":{"@type":"PropertyValueSpecification","valueRequired":true,"valueName":"search_term_string"}}],"inLanguage":"fr-FR"}]}},"_links":{"self":[{"href":"https:\/\/gofeedpet.com\/fr\/wp-json\/wp\/v2\/pages\/235","targetHints":{"allow":["GET"]}}],"collection":[{"href":"https:\/\/gofeedpet.com\/fr\/wp-json\/wp\/v2\/pages"}],"about":[{"href":"https:\/\/gofeedpet.com\/fr\/wp-json\/wp\/v2\/types\/page"}],"author":[{"embeddable":true,"href":"https:\/\/gofeedpet.com\/fr\/wp-json\/wp\/v2\/users\/1"}],"replies":[{"embeddable":true,"href":"https:\/\/gofeedpet.com\/fr\/wp-json\/wp\/v2\/comments?post=235"}],"version-history":[{"count":1,"href":"https:\/\/gofeedpet.com\/fr\/wp-json\/wp\/v2\/pages\/235\/revisions"}],"predecessor-version":[{"id":237,"href":"https:\/\/gofeedpet.com\/fr\/wp-json\/wp\/v2\/pages\/235\/revisions\/237"}],"wp:attachment":[{"href":"https:\/\/gofeedpet.com\/fr\/wp-json\/wp\/v2\/media?parent=235"}],"curies":[{"name":"wp","href":"https:\/\/api.w.org\/{rel}","templated":true}]}}